{"id":288,"date":"2024-02-15T17:16:51","date_gmt":"2024-02-15T16:16:51","guid":{"rendered":"https:\/\/www.sashosped.com\/work-with-us\/"},"modified":"2024-03-06T15:20:46","modified_gmt":"2024-03-06T14:20:46","slug":"work-with-us","status":"publish","type":"page","link":"https:\/\/sashosped.com\/de\/work-with-us\/","title":{"rendered":"Arbeiten sie mit uns"},"content":{"rendered":"<div class=\"wpb-content-wrapper\">[vc_row full_width=&#8220;stretch_row_content_no_spaces&#8220; video_bg_center=&#8220;true&#8220; video_bg=&#8220;self_hosted&#8220; video_bg_poster=&#8220;39&#8243; min_height=&#8220;600&#8243; css=&#8220;.vc_custom_1708096320018{background-image: url(https:\/\/www.sashosped.com\/wp-content\/uploads\/2024\/02\/image-3.jpg?id=99) !important;background-position: center !important;background-repeat: no-repeat !important;background-size: cover !important;}&#8220;][vc_column][vc_row_inner equal_height=&#8220;yes&#8220; content_placement=&#8220;middle&#8220; el_class=&#8220;hero-title&#8220;][vc_column_inner width=&#8220;1\/2&#8243;][vc_column_text css_animation=&#8220;fadeIn&#8220;]\n<h1><span style=\"color: #ff0000;\">Arbeiten<\/span><br \/>\n<span style=\"color: #ffffff;\">sie mit uns<\/span><\/h1>\n[\/vc_column_text][\/vc_column_inner][vc_column_inner width=&#8220;1\/2&#8243;][\/vc_column_inner][\/vc_row_inner][\/vc_column][\/vc_row][vc_row css=&#8220;.vc_custom_1708105606212{padding-top: 40px !important;padding-bottom: 40px !important;}&#8220;][vc_column width=&#8220;1\/2&#8243;][vc_column_text css_animation=&#8220;fadeIn&#8220;]\n<h4><span style=\"color: #ff0000;\">Steigern Sie Ihr Gesch\u00e4ft<\/span> mit einer Partnerschaft, die nahtlose <span style=\"color: #ff0000;\">Logistikl\u00f6sungen und ein gemeinsames Engagement<\/span> f\u00fcr Spitzenleistungen verspricht.<\/h4>\n<p> [\/vc_column_text][\/vc_column][vc_column width=&#8220;1\/2&#8243;][vc_raw_html]JTVCY29udGFjdC1mb3JtLTclMjBpZCUzRCUyMmNkNGFiZTMlMjIlMjB0aXRsZSUzRCUyMlBhcnRuZXJzaGlwJTIwRm9ybSUyMiU1RA==[\/vc_raw_html][\/vc_column][\/vc_row]\n<\/div>","protected":false},"excerpt":{"rendered":"<p>[vc_row full_width=&#8220;stretch_row_content_no_spaces&#8220; video_bg_center=&#8220;true&#8220; video_bg=&#8220;self_hosted&#8220; video_bg_poster=&#8220;39&#8243; min_height=&#8220;600&#8243; css=&#8220;.vc_custom_1708096320018{background-image: url(https:\/\/www.sashosped.com\/wp-content\/uploads\/2024\/02\/image-3.jpg?id=99) !important;background-position: center !important;background-repeat: no-repeat !important;background-size: cover !important;}&#8220;][vc_column][vc_row_inner equal_height=&#8220;yes&#8220; content_placement=&#8220;middle&#8220; el_class=&#8220;hero-title&#8220;][vc_column_inner width=&#8220;1\/2&#8243;][vc_column_text css_animation=&#8220;fadeIn&#8220;] Arbeiten sie mit uns [\/vc_column_text][\/vc_column_inner][vc_column_inner width=&#8220;1\/2&#8243;][\/vc_column_inner][\/vc_row_inner][\/vc_column][\/vc_row][vc_row css=&#8220;.vc_custom_1708105606212{padding-top: 40px !important;padding-bottom: 40px !important;}&#8220;][vc_column width=&#8220;1\/2&#8243;][vc_column_text css_animation=&#8220;fadeIn&#8220;] Steigern Sie Ihr Gesch\u00e4ft mit einer Partnerschaft, die nahtlose Logistikl\u00f6sungen und ein gemeinsames Engagement f\u00fcr Spitzenleistungen verspricht. [\/vc_column_text][\/vc_column][vc_column width=&#8220;1\/2&#8243;][vc_raw_html]JTVCY29udGFjdC1mb3JtLTclMjBpZCUzRCUyMmNkNGFiZTMlMjIlMjB0aXRsZSUzRCUyMlBhcnRuZXJzaGlwJTIwRm9ybSUyMiU1RA==[\/vc_raw_html][\/vc_column][\/vc_row]<\/p>\n","protected":false},"author":1,"featured_media":251,"parent":0,"menu_order":0,"comment_status":"closed","ping_status":"closed","template":"","meta":{"footnotes":""},"class_list":["post-288","page","type-page","status-publish","has-post-thumbnail","hentry","entry","has-media"],"yoast_head":"<!-- This site is optimized with the Yoast SEO plugin v26.1 - https:\/\/yoast.com\/wordpress\/plugins\/seo\/ -->\n<title>Arbeiten sie mit uns - SashoSped<\/title>\n<meta name=\"robots\" content=\"index, follow, max-snippet:-1, max-image-preview:large, max-video-preview:-1\" \/>\n<link rel=\"canonical\" href=\"https:\/\/sashosped.com\/work-with-us\/\" \/>\n<meta property=\"og:locale\" content=\"de_DE\" \/>\n<meta property=\"og:type\" content=\"article\" \/>\n<meta property=\"og:title\" content=\"Arbeiten sie mit uns - SashoSped\" \/>\n<meta property=\"og:description\" content=\"[vc_row full_width=&#8220;stretch_row_content_no_spaces&#8220; video_bg_center=&#8220;true&#8220; video_bg=&#8220;self_hosted&#8220; video_bg_poster=&#8220;39&#8243; min_height=&#8220;600&#8243; css=&#8220;.vc_custom_1708096320018{background-image: url(https:\/\/www.sashosped.com\/wp-content\/uploads\/2024\/02\/image-3.jpg?id=99) !important;background-position: center !important;background-repeat: no-repeat !important;background-size: cover !important;}&#8220;][vc_column][vc_row_inner equal_height=&#8220;yes&#8220; content_placement=&#8220;middle&#8220; el_class=&#8220;hero-title&#8220;][vc_column_inner width=&#8220;1\/2&#8243;][vc_column_text css_animation=&#8220;fadeIn&#8220;] Arbeiten sie mit uns [\/vc_column_text][\/vc_column_inner][vc_column_inner width=&#8220;1\/2&#8243;][\/vc_column_inner][\/vc_row_inner][\/vc_column][\/vc_row][vc_row css=&#8220;.vc_custom_1708105606212{padding-top: 40px !important;padding-bottom: 40px !important;}&#8220;][vc_column width=&#8220;1\/2&#8243;][vc_column_text css_animation=&#8220;fadeIn&#8220;] Steigern Sie Ihr Gesch\u00e4ft mit einer Partnerschaft, die nahtlose Logistikl\u00f6sungen und ein gemeinsames Engagement f\u00fcr Spitzenleistungen verspricht. [\/vc_column_text][\/vc_column][vc_column width=&#8220;1\/2&#8243;][vc_raw_html]JTVCY29udGFjdC1mb3JtLTclMjBpZCUzRCUyMmNkNGFiZTMlMjIlMjB0aXRsZSUzRCUyMlBhcnRuZXJzaGlwJTIwRm9ybSUyMiU1RA==[\/vc_raw_html][\/vc_column][\/vc_row]\" \/>\n<meta property=\"og:url\" content=\"https:\/\/sashosped.com\/work-with-us\/\" \/>\n<meta property=\"og:site_name\" content=\"SashoSped\" \/>\n<meta property=\"article:modified_time\" content=\"2024-03-06T14:20:46+00:00\" \/>\n<meta property=\"og:image\" content=\"https:\/\/sashosped.com\/wp-content\/uploads\/2024\/02\/og.png\" \/>\n\t<meta property=\"og:image:width\" content=\"1920\" \/>\n\t<meta property=\"og:image:height\" content=\"1080\" \/>\n\t<meta property=\"og:image:type\" content=\"image\/png\" \/>\n<meta name=\"twitter:card\" content=\"summary_large_image\" \/>\n<meta name=\"twitter:label1\" content=\"Gesch\u00e4tzte Lesezeit\" \/>\n\t<meta name=\"twitter:data1\" content=\"1\u00a0Minute\" \/>\n<script type=\"application\/ld+json\" class=\"yoast-schema-graph\">{\"@context\":\"https:\/\/schema.org\",\"@graph\":[{\"@type\":\"WebPage\",\"@id\":\"https:\/\/sashosped.com\/work-with-us\/\",\"url\":\"https:\/\/sashosped.com\/work-with-us\/\",\"name\":\"Arbeiten sie mit uns - SashoSped\",\"isPartOf\":{\"@id\":\"https:\/\/sashosped.com\/#website\"},\"primaryImageOfPage\":{\"@id\":\"https:\/\/sashosped.com\/work-with-us\/#primaryimage\"},\"image\":{\"@id\":\"https:\/\/sashosped.com\/work-with-us\/#primaryimage\"},\"thumbnailUrl\":\"https:\/\/sashosped.com\/wp-content\/uploads\/2024\/02\/og.png\",\"datePublished\":\"2024-02-15T16:16:51+00:00\",\"dateModified\":\"2024-03-06T14:20:46+00:00\",\"breadcrumb\":{\"@id\":\"https:\/\/sashosped.com\/work-with-us\/#breadcrumb\"},\"inLanguage\":\"de\",\"potentialAction\":[{\"@type\":\"ReadAction\",\"target\":[\"https:\/\/sashosped.com\/work-with-us\/\"]}]},{\"@type\":\"ImageObject\",\"inLanguage\":\"de\",\"@id\":\"https:\/\/sashosped.com\/work-with-us\/#primaryimage\",\"url\":\"https:\/\/sashosped.com\/wp-content\/uploads\/2024\/02\/og.png\",\"contentUrl\":\"https:\/\/sashosped.com\/wp-content\/uploads\/2024\/02\/og.png\",\"width\":1920,\"height\":1080},{\"@type\":\"BreadcrumbList\",\"@id\":\"https:\/\/sashosped.com\/work-with-us\/#breadcrumb\",\"itemListElement\":[{\"@type\":\"ListItem\",\"position\":1,\"name\":\"Home\",\"item\":\"https:\/\/sashosped.com\/de\/\"},{\"@type\":\"ListItem\",\"position\":2,\"name\":\"Arbeiten sie mit uns\"}]},{\"@type\":\"WebSite\",\"@id\":\"https:\/\/sashosped.com\/#website\",\"url\":\"https:\/\/sashosped.com\/\",\"name\":\"SashoSped\",\"description\":\"Your cargo, our responsibility - ALWAYS BY YOUR SIDE\",\"publisher\":{\"@id\":\"https:\/\/sashosped.com\/#organization\"},\"potentialAction\":[{\"@type\":\"SearchAction\",\"target\":{\"@type\":\"EntryPoint\",\"urlTemplate\":\"https:\/\/sashosped.com\/?s={search_term_string}\"},\"query-input\":{\"@type\":\"PropertyValueSpecification\",\"valueRequired\":true,\"valueName\":\"search_term_string\"}}],\"inLanguage\":\"de\"},{\"@type\":\"Organization\",\"@id\":\"https:\/\/sashosped.com\/#organization\",\"name\":\"SashoSped\",\"url\":\"https:\/\/sashosped.com\/\",\"logo\":{\"@type\":\"ImageObject\",\"inLanguage\":\"de\",\"@id\":\"https:\/\/sashosped.com\/#\/schema\/logo\/image\/\",\"url\":\"https:\/\/sashosped.com\/wp-content\/uploads\/2024\/02\/sasho-sped.png\",\"contentUrl\":\"https:\/\/sashosped.com\/wp-content\/uploads\/2024\/02\/sasho-sped.png\",\"width\":1807,\"height\":314,\"caption\":\"SashoSped\"},\"image\":{\"@id\":\"https:\/\/sashosped.com\/#\/schema\/logo\/image\/\"}}]}<\/script>\n<!-- \/ Yoast SEO plugin. -->","yoast_head_json":{"title":"Arbeiten sie mit uns - SashoSped","robots":{"index":"index","follow":"follow","max-snippet":"max-snippet:-1","max-image-preview":"max-image-preview:large","max-video-preview":"max-video-preview:-1"},"canonical":"https:\/\/sashosped.com\/work-with-us\/","og_locale":"de_DE","og_type":"article","og_title":"Arbeiten sie mit uns - SashoSped","og_description":"[vc_row full_width=&#8220;stretch_row_content_no_spaces&#8220; video_bg_center=&#8220;true&#8220; video_bg=&#8220;self_hosted&#8220; video_bg_poster=&#8220;39&#8243; min_height=&#8220;600&#8243; css=&#8220;.vc_custom_1708096320018{background-image: url(https:\/\/www.sashosped.com\/wp-content\/uploads\/2024\/02\/image-3.jpg?id=99) !important;background-position: center !important;background-repeat: no-repeat !important;background-size: cover !important;}&#8220;][vc_column][vc_row_inner equal_height=&#8220;yes&#8220; content_placement=&#8220;middle&#8220; el_class=&#8220;hero-title&#8220;][vc_column_inner width=&#8220;1\/2&#8243;][vc_column_text css_animation=&#8220;fadeIn&#8220;] Arbeiten sie mit uns [\/vc_column_text][\/vc_column_inner][vc_column_inner width=&#8220;1\/2&#8243;][\/vc_column_inner][\/vc_row_inner][\/vc_column][\/vc_row][vc_row css=&#8220;.vc_custom_1708105606212{padding-top: 40px !important;padding-bottom: 40px !important;}&#8220;][vc_column width=&#8220;1\/2&#8243;][vc_column_text css_animation=&#8220;fadeIn&#8220;] Steigern Sie Ihr Gesch\u00e4ft mit einer Partnerschaft, die nahtlose Logistikl\u00f6sungen und ein gemeinsames Engagement f\u00fcr Spitzenleistungen verspricht. [\/vc_column_text][\/vc_column][vc_column width=&#8220;1\/2&#8243;][vc_raw_html]JTVCY29udGFjdC1mb3JtLTclMjBpZCUzRCUyMmNkNGFiZTMlMjIlMjB0aXRsZSUzRCUyMlBhcnRuZXJzaGlwJTIwRm9ybSUyMiU1RA==[\/vc_raw_html][\/vc_column][\/vc_row]","og_url":"https:\/\/sashosped.com\/work-with-us\/","og_site_name":"SashoSped","article_modified_time":"2024-03-06T14:20:46+00:00","og_image":[{"width":1920,"height":1080,"url":"https:\/\/sashosped.com\/wp-content\/uploads\/2024\/02\/og.png","type":"image\/png"}],"twitter_card":"summary_large_image","twitter_misc":{"Gesch\u00e4tzte Lesezeit":"1\u00a0Minute"},"schema":{"@context":"https:\/\/schema.org","@graph":[{"@type":"WebPage","@id":"https:\/\/sashosped.com\/work-with-us\/","url":"https:\/\/sashosped.com\/work-with-us\/","name":"Arbeiten sie mit uns - SashoSped","isPartOf":{"@id":"https:\/\/sashosped.com\/#website"},"primaryImageOfPage":{"@id":"https:\/\/sashosped.com\/work-with-us\/#primaryimage"},"image":{"@id":"https:\/\/sashosped.com\/work-with-us\/#primaryimage"},"thumbnailUrl":"https:\/\/sashosped.com\/wp-content\/uploads\/2024\/02\/og.png","datePublished":"2024-02-15T16:16:51+00:00","dateModified":"2024-03-06T14:20:46+00:00","breadcrumb":{"@id":"https:\/\/sashosped.com\/work-with-us\/#breadcrumb"},"inLanguage":"de","potentialAction":[{"@type":"ReadAction","target":["https:\/\/sashosped.com\/work-with-us\/"]}]},{"@type":"ImageObject","inLanguage":"de","@id":"https:\/\/sashosped.com\/work-with-us\/#primaryimage","url":"https:\/\/sashosped.com\/wp-content\/uploads\/2024\/02\/og.png","contentUrl":"https:\/\/sashosped.com\/wp-content\/uploads\/2024\/02\/og.png","width":1920,"height":1080},{"@type":"BreadcrumbList","@id":"https:\/\/sashosped.com\/work-with-us\/#breadcrumb","itemListElement":[{"@type":"ListItem","position":1,"name":"Home","item":"https:\/\/sashosped.com\/de\/"},{"@type":"ListItem","position":2,"name":"Arbeiten sie mit uns"}]},{"@type":"WebSite","@id":"https:\/\/sashosped.com\/#website","url":"https:\/\/sashosped.com\/","name":"SashoSped","description":"Your cargo, our responsibility - ALWAYS BY YOUR SIDE","publisher":{"@id":"https:\/\/sashosped.com\/#organization"},"potentialAction":[{"@type":"SearchAction","target":{"@type":"EntryPoint","urlTemplate":"https:\/\/sashosped.com\/?s={search_term_string}"},"query-input":{"@type":"PropertyValueSpecification","valueRequired":true,"valueName":"search_term_string"}}],"inLanguage":"de"},{"@type":"Organization","@id":"https:\/\/sashosped.com\/#organization","name":"SashoSped","url":"https:\/\/sashosped.com\/","logo":{"@type":"ImageObject","inLanguage":"de","@id":"https:\/\/sashosped.com\/#\/schema\/logo\/image\/","url":"https:\/\/sashosped.com\/wp-content\/uploads\/2024\/02\/sasho-sped.png","contentUrl":"https:\/\/sashosped.com\/wp-content\/uploads\/2024\/02\/sasho-sped.png","width":1807,"height":314,"caption":"SashoSped"},"image":{"@id":"https:\/\/sashosped.com\/#\/schema\/logo\/image\/"}}]}},"_links":{"self":[{"href":"https:\/\/sashosped.com\/de\/wp-json\/wp\/v2\/pages\/288","targetHints":{"allow":["GET"]}}],"collection":[{"href":"https:\/\/sashosped.com\/de\/wp-json\/wp\/v2\/pages"}],"about":[{"href":"https:\/\/sashosped.com\/de\/wp-json\/wp\/v2\/types\/page"}],"author":[{"embeddable":true,"href":"https:\/\/sashosped.com\/de\/wp-json\/wp\/v2\/users\/1"}],"replies":[{"embeddable":true,"href":"https:\/\/sashosped.com\/de\/wp-json\/wp\/v2\/comments?post=288"}],"version-history":[{"count":2,"href":"https:\/\/sashosped.com\/de\/wp-json\/wp\/v2\/pages\/288\/revisions"}],"predecessor-version":[{"id":313,"href":"https:\/\/sashosped.com\/de\/wp-json\/wp\/v2\/pages\/288\/revisions\/313"}],"wp:featuredmedia":[{"embeddable":true,"href":"https:\/\/sashosped.com\/de\/wp-json\/wp\/v2\/media\/251"}],"wp:attachment":[{"href":"https:\/\/sashosped.com\/de\/wp-json\/wp\/v2\/media?parent=288"}],"curies":[{"name":"wp","href":"https:\/\/api.w.org\/{rel}","templated":true}]}}