{"id":283,"date":"2024-02-15T17:16:37","date_gmt":"2024-02-15T16:16:37","guid":{"rendered":"https:\/\/www.sashosped.com\/join-the-team\/"},"modified":"2024-03-06T15:18:27","modified_gmt":"2024-03-06T14:18:27","slug":"join-the-team","status":"publish","type":"page","link":"https:\/\/sashosped.com\/de\/join-the-team\/","title":{"rendered":"Treten sie dem team bei"},"content":{"rendered":"<div class=\"wpb-content-wrapper\">[vc_row full_width=&#8220;stretch_row_content_no_spaces&#8220; video_bg_center=&#8220;true&#8220; video_bg=&#8220;self_hosted&#8220; video_bg_poster=&#8220;39&#8243; min_height=&#8220;600&#8243; css=&#8220;.vc_custom_1708096170066{background-image: url(https:\/\/www.sashosped.com\/wp-content\/uploads\/2024\/02\/join-the-team.jpg?id=95) !important;background-position: center !important;background-repeat: no-repeat !important;background-size: cover !important;}&#8220;][vc_column][vc_row_inner equal_height=&#8220;yes&#8220; content_placement=&#8220;middle&#8220; el_class=&#8220;hero-title&#8220;][vc_column_inner width=&#8220;1\/2&#8243;][vc_column_text css_animation=&#8220;fadeIn&#8220;]\n<h1><span style=\"color: #ff0000;\">Treten<\/span><br \/>\n<span style=\"color: #ffffff;\">sie dem team bei<\/span><\/h1>\n[\/vc_column_text][\/vc_column_inner][vc_column_inner width=&#8220;1\/2&#8243;][\/vc_column_inner][\/vc_row_inner][\/vc_column][\/vc_row][vc_row css=&#8220;.vc_custom_1708105944958{padding-top: 40px !important;padding-bottom: 40px !important;}&#8220;][vc_column width=&#8220;1\/2&#8243;][vc_column_text css_animation=&#8220;fadeIn&#8220;]<strong>Warum sollten Sie sich uns anschlie\u00dfen?<\/strong><\/p>\n<p>Wir glauben, dass unsere Mitarbeiter das Herzst\u00fcck des Gesch\u00e4ftserfolgs unserer Kunden sind. Wenn Sie daran interessiert sind, einer starken und dynamischen Gruppe beizutreten und Teil unserer Entwicklung zu sein, freuen wir uns darauf, Sie kennenzulernen.<\/p>\n<p>Wir f\u00f6rdern die Weiterentwicklung unserer Mitarbeiter durch Schulungen, Cross-Training und kontinuierliche Verbesserungsprogramme.<\/p>\n<p>Sasho Shped legt gro\u00dfen Wert auf die Bildung junger Menschen.<\/p>\n<p>Unser Ziel ist es, sicherzustellen, dass wir neue Talente f\u00fcr uns und die Branche als Ganzes halten.<\/p>\n<p>Innerhalb unserer Gruppe bieten wir jungen Menschen in vielen Bereichen erstklassige Ausbildungsm\u00f6glichkeiten.[\/vc_column_text][vc_column_text css_animation=&#8220;fadeIn&#8220;]Sasho Shped wurde 2013 gegr\u00fcndet und hat sich von einem Einzelunternehmen mit einem LKW zu einem renommierten Transportunternehmen mit einer Flotte von \u00fcber 250 Fahrzeugen entwickelt. Mit Hauptsitz in Petrich, Bulgarien, bieten wir Transportdienstleistungen in Nord- und Nordwesteuropa an. Unser Ziel ist es, zu den f\u00fchrenden Spediteuren in Europa zu geh\u00f6ren und flexible L\u00f6sungen anzubieten, die die Kundeneffizienz verbessern.[\/vc_column_text][\/vc_column][vc_column width=&#8220;1\/2&#8243;][vc_raw_html]JTVCY29udGFjdC1mb3JtLTclMjBpZCUzRCUyMjNkYmRjNjQlMjIlMjB0aXRsZSUzRCUyMkpvaW4lMjB0aGUlMjBUZWFtJTIyJTVE[\/vc_raw_html][\/vc_column][\/vc_row]\n<\/div>","protected":false},"excerpt":{"rendered":"<p>[vc_row full_width=&#8220;stretch_row_content_no_spaces&#8220; video_bg_center=&#8220;true&#8220; video_bg=&#8220;self_hosted&#8220; video_bg_poster=&#8220;39&#8243; min_height=&#8220;600&#8243; css=&#8220;.vc_custom_1708096170066{background-image: url(https:\/\/www.sashosped.com\/wp-content\/uploads\/2024\/02\/join-the-team.jpg?id=95) !important;background-position: center !important;background-repeat: no-repeat !important;background-size: cover !important;}&#8220;][vc_column][vc_row_inner equal_height=&#8220;yes&#8220; content_placement=&#8220;middle&#8220; el_class=&#8220;hero-title&#8220;][vc_column_inner width=&#8220;1\/2&#8243;][vc_column_text css_animation=&#8220;fadeIn&#8220;] Treten sie dem team bei [\/vc_column_text][\/vc_column_inner][vc_column_inner width=&#8220;1\/2&#8243;][\/vc_column_inner][\/vc_row_inner][\/vc_column][\/vc_row][vc_row css=&#8220;.vc_custom_1708105944958{padding-top: 40px !important;padding-bottom: 40px !important;}&#8220;][vc_column width=&#8220;1\/2&#8243;][vc_column_text css_animation=&#8220;fadeIn&#8220;]Warum sollten Sie sich uns anschlie\u00dfen? Wir glauben, dass unsere Mitarbeiter das Herzst\u00fcck des Gesch\u00e4ftserfolgs unserer Kunden sind. Wenn Sie daran interessiert&hellip;<\/p>\n","protected":false},"author":1,"featured_media":0,"parent":0,"menu_order":0,"comment_status":"closed","ping_status":"closed","template":"","meta":{"footnotes":""},"class_list":["post-283","page","type-page","status-publish","hentry","entry","no-media"],"yoast_head":"<!-- This site is optimized with the Yoast SEO plugin v26.1 - https:\/\/yoast.com\/wordpress\/plugins\/seo\/ -->\n<title>Treten sie dem team bei - SashoSped<\/title>\n<meta name=\"robots\" content=\"index, follow, max-snippet:-1, max-image-preview:large, max-video-preview:-1\" \/>\n<link rel=\"canonical\" href=\"https:\/\/sashosped.com\/join-the-team\/\" \/>\n<meta property=\"og:locale\" content=\"de_DE\" \/>\n<meta property=\"og:type\" content=\"article\" \/>\n<meta property=\"og:title\" content=\"Treten sie dem team bei - SashoSped\" \/>\n<meta property=\"og:description\" content=\"[vc_row full_width=&#8220;stretch_row_content_no_spaces&#8220; video_bg_center=&#8220;true&#8220; video_bg=&#8220;self_hosted&#8220; video_bg_poster=&#8220;39&#8243; min_height=&#8220;600&#8243; css=&#8220;.vc_custom_1708096170066{background-image: url(https:\/\/www.sashosped.com\/wp-content\/uploads\/2024\/02\/join-the-team.jpg?id=95) !important;background-position: center !important;background-repeat: no-repeat !important;background-size: cover !important;}&#8220;][vc_column][vc_row_inner equal_height=&#8220;yes&#8220; content_placement=&#8220;middle&#8220; el_class=&#8220;hero-title&#8220;][vc_column_inner width=&#8220;1\/2&#8243;][vc_column_text css_animation=&#8220;fadeIn&#8220;] Treten sie dem team bei [\/vc_column_text][\/vc_column_inner][vc_column_inner width=&#8220;1\/2&#8243;][\/vc_column_inner][\/vc_row_inner][\/vc_column][\/vc_row][vc_row css=&#8220;.vc_custom_1708105944958{padding-top: 40px !important;padding-bottom: 40px !important;}&#8220;][vc_column width=&#8220;1\/2&#8243;][vc_column_text css_animation=&#8220;fadeIn&#8220;]Warum sollten Sie sich uns anschlie\u00dfen? Wir glauben, dass unsere Mitarbeiter das Herzst\u00fcck des Gesch\u00e4ftserfolgs unserer Kunden sind. Wenn Sie daran interessiert&hellip;\" \/>\n<meta property=\"og:url\" content=\"https:\/\/sashosped.com\/join-the-team\/\" \/>\n<meta property=\"og:site_name\" content=\"SashoSped\" \/>\n<meta property=\"article:modified_time\" content=\"2024-03-06T14:18:27+00:00\" \/>\n<meta name=\"twitter:card\" content=\"summary_large_image\" \/>\n<meta name=\"twitter:label1\" content=\"Gesch\u00e4tzte Lesezeit\" \/>\n\t<meta name=\"twitter:data1\" content=\"2\u00a0Minuten\" \/>\n<script type=\"application\/ld+json\" class=\"yoast-schema-graph\">{\"@context\":\"https:\/\/schema.org\",\"@graph\":[{\"@type\":\"WebPage\",\"@id\":\"https:\/\/sashosped.com\/join-the-team\/\",\"url\":\"https:\/\/sashosped.com\/join-the-team\/\",\"name\":\"Treten sie dem team bei - SashoSped\",\"isPartOf\":{\"@id\":\"https:\/\/sashosped.com\/#website\"},\"datePublished\":\"2024-02-15T16:16:37+00:00\",\"dateModified\":\"2024-03-06T14:18:27+00:00\",\"breadcrumb\":{\"@id\":\"https:\/\/sashosped.com\/join-the-team\/#breadcrumb\"},\"inLanguage\":\"de\",\"potentialAction\":[{\"@type\":\"ReadAction\",\"target\":[\"https:\/\/sashosped.com\/join-the-team\/\"]}]},{\"@type\":\"BreadcrumbList\",\"@id\":\"https:\/\/sashosped.com\/join-the-team\/#breadcrumb\",\"itemListElement\":[{\"@type\":\"ListItem\",\"position\":1,\"name\":\"Home\",\"item\":\"https:\/\/sashosped.com\/de\/\"},{\"@type\":\"ListItem\",\"position\":2,\"name\":\"Treten sie dem team bei\"}]},{\"@type\":\"WebSite\",\"@id\":\"https:\/\/sashosped.com\/#website\",\"url\":\"https:\/\/sashosped.com\/\",\"name\":\"SashoSped\",\"description\":\"Your cargo, our responsibility - ALWAYS BY YOUR SIDE\",\"publisher\":{\"@id\":\"https:\/\/sashosped.com\/#organization\"},\"potentialAction\":[{\"@type\":\"SearchAction\",\"target\":{\"@type\":\"EntryPoint\",\"urlTemplate\":\"https:\/\/sashosped.com\/?s={search_term_string}\"},\"query-input\":{\"@type\":\"PropertyValueSpecification\",\"valueRequired\":true,\"valueName\":\"search_term_string\"}}],\"inLanguage\":\"de\"},{\"@type\":\"Organization\",\"@id\":\"https:\/\/sashosped.com\/#organization\",\"name\":\"SashoSped\",\"url\":\"https:\/\/sashosped.com\/\",\"logo\":{\"@type\":\"ImageObject\",\"inLanguage\":\"de\",\"@id\":\"https:\/\/sashosped.com\/#\/schema\/logo\/image\/\",\"url\":\"https:\/\/sashosped.com\/wp-content\/uploads\/2024\/02\/sasho-sped.png\",\"contentUrl\":\"https:\/\/sashosped.com\/wp-content\/uploads\/2024\/02\/sasho-sped.png\",\"width\":1807,\"height\":314,\"caption\":\"SashoSped\"},\"image\":{\"@id\":\"https:\/\/sashosped.com\/#\/schema\/logo\/image\/\"}}]}<\/script>\n<!-- \/ Yoast SEO plugin. -->","yoast_head_json":{"title":"Treten sie dem team bei - SashoSped","robots":{"index":"index","follow":"follow","max-snippet":"max-snippet:-1","max-image-preview":"max-image-preview:large","max-video-preview":"max-video-preview:-1"},"canonical":"https:\/\/sashosped.com\/join-the-team\/","og_locale":"de_DE","og_type":"article","og_title":"Treten sie dem team bei - SashoSped","og_description":"[vc_row full_width=&#8220;stretch_row_content_no_spaces&#8220; video_bg_center=&#8220;true&#8220; video_bg=&#8220;self_hosted&#8220; video_bg_poster=&#8220;39&#8243; min_height=&#8220;600&#8243; css=&#8220;.vc_custom_1708096170066{background-image: url(https:\/\/www.sashosped.com\/wp-content\/uploads\/2024\/02\/join-the-team.jpg?id=95) !important;background-position: center !important;background-repeat: no-repeat !important;background-size: cover !important;}&#8220;][vc_column][vc_row_inner equal_height=&#8220;yes&#8220; content_placement=&#8220;middle&#8220; el_class=&#8220;hero-title&#8220;][vc_column_inner width=&#8220;1\/2&#8243;][vc_column_text css_animation=&#8220;fadeIn&#8220;] Treten sie dem team bei [\/vc_column_text][\/vc_column_inner][vc_column_inner width=&#8220;1\/2&#8243;][\/vc_column_inner][\/vc_row_inner][\/vc_column][\/vc_row][vc_row css=&#8220;.vc_custom_1708105944958{padding-top: 40px !important;padding-bottom: 40px !important;}&#8220;][vc_column width=&#8220;1\/2&#8243;][vc_column_text css_animation=&#8220;fadeIn&#8220;]Warum sollten Sie sich uns anschlie\u00dfen? Wir glauben, dass unsere Mitarbeiter das Herzst\u00fcck des Gesch\u00e4ftserfolgs unserer Kunden sind. Wenn Sie daran interessiert&hellip;","og_url":"https:\/\/sashosped.com\/join-the-team\/","og_site_name":"SashoSped","article_modified_time":"2024-03-06T14:18:27+00:00","twitter_card":"summary_large_image","twitter_misc":{"Gesch\u00e4tzte Lesezeit":"2\u00a0Minuten"},"schema":{"@context":"https:\/\/schema.org","@graph":[{"@type":"WebPage","@id":"https:\/\/sashosped.com\/join-the-team\/","url":"https:\/\/sashosped.com\/join-the-team\/","name":"Treten sie dem team bei - SashoSped","isPartOf":{"@id":"https:\/\/sashosped.com\/#website"},"datePublished":"2024-02-15T16:16:37+00:00","dateModified":"2024-03-06T14:18:27+00:00","breadcrumb":{"@id":"https:\/\/sashosped.com\/join-the-team\/#breadcrumb"},"inLanguage":"de","potentialAction":[{"@type":"ReadAction","target":["https:\/\/sashosped.com\/join-the-team\/"]}]},{"@type":"BreadcrumbList","@id":"https:\/\/sashosped.com\/join-the-team\/#breadcrumb","itemListElement":[{"@type":"ListItem","position":1,"name":"Home","item":"https:\/\/sashosped.com\/de\/"},{"@type":"ListItem","position":2,"name":"Treten sie dem team bei"}]},{"@type":"WebSite","@id":"https:\/\/sashosped.com\/#website","url":"https:\/\/sashosped.com\/","name":"SashoSped","description":"Your cargo, our responsibility - ALWAYS BY YOUR SIDE","publisher":{"@id":"https:\/\/sashosped.com\/#organization"},"potentialAction":[{"@type":"SearchAction","target":{"@type":"EntryPoint","urlTemplate":"https:\/\/sashosped.com\/?s={search_term_string}"},"query-input":{"@type":"PropertyValueSpecification","valueRequired":true,"valueName":"search_term_string"}}],"inLanguage":"de"},{"@type":"Organization","@id":"https:\/\/sashosped.com\/#organization","name":"SashoSped","url":"https:\/\/sashosped.com\/","logo":{"@type":"ImageObject","inLanguage":"de","@id":"https:\/\/sashosped.com\/#\/schema\/logo\/image\/","url":"https:\/\/sashosped.com\/wp-content\/uploads\/2024\/02\/sasho-sped.png","contentUrl":"https:\/\/sashosped.com\/wp-content\/uploads\/2024\/02\/sasho-sped.png","width":1807,"height":314,"caption":"SashoSped"},"image":{"@id":"https:\/\/sashosped.com\/#\/schema\/logo\/image\/"}}]}},"_links":{"self":[{"href":"https:\/\/sashosped.com\/de\/wp-json\/wp\/v2\/pages\/283","targetHints":{"allow":["GET"]}}],"collection":[{"href":"https:\/\/sashosped.com\/de\/wp-json\/wp\/v2\/pages"}],"about":[{"href":"https:\/\/sashosped.com\/de\/wp-json\/wp\/v2\/types\/page"}],"author":[{"embeddable":true,"href":"https:\/\/sashosped.com\/de\/wp-json\/wp\/v2\/users\/1"}],"replies":[{"embeddable":true,"href":"https:\/\/sashosped.com\/de\/wp-json\/wp\/v2\/comments?post=283"}],"version-history":[{"count":2,"href":"https:\/\/sashosped.com\/de\/wp-json\/wp\/v2\/pages\/283\/revisions"}],"predecessor-version":[{"id":311,"href":"https:\/\/sashosped.com\/de\/wp-json\/wp\/v2\/pages\/283\/revisions\/311"}],"wp:attachment":[{"href":"https:\/\/sashosped.com\/de\/wp-json\/wp\/v2\/media?parent=283"}],"curies":[{"name":"wp","href":"https:\/\/api.w.org\/{rel}","templated":true}]}}